{"id":74,"date":"2022-05-11T08:41:11","date_gmt":"2022-05-11T06:41:11","guid":{"rendered":"http:\/\/www.asbrignoleskarate.com\/?page_id=74"},"modified":"2022-05-20T23:31:51","modified_gmt":"2022-05-20T21:31:51","slug":"plan-dacces","status":"publish","type":"page","link":"https:\/\/www.asbrignoleskarate.com\/index.php\/plan-dacces\/","title":{"rendered":"Plan d&rsquo;acc\u00e8s"},"content":{"rendered":"\n<center><iframe src=\"https:\/\/www.google.com\/maps\/embed?pb=!1m18!1m12!1m3!1d2049.566642445145!2d6.066794855075775!3d43.40785783599203!2m3!1f0!2f0!3f0!3m2!1i1024!2i768!4f13.1!3m3!1m2!1s0x12c9420792795d37%3A0xa427e86239f844c4!2sASBrignoles%20Karat%C3%A9!5e0!3m2!1sfr!2sfr!4v1652252091228!5m2!1sfr!2sfr\" width=\"800\" height=\"450\" style=\"border:0;\" allowfullscreen=\"\" loading=\"lazy\" referrerpolicy=\"no-referrer-when-downgrade\"><\/iframe><\/center>\n\n\n\n<p class=\"has-text-align-center has-small-font-size\">AS Brignoles Karat\u00e9 &#8211;  Gymnase Jean Jaur\u00e8s<\/p>\n\n\n\n<p class=\"has-text-align-center has-small-font-size\">Avenue Mar\u00e9chal Foch &#8211; 83170 Brignoles<\/p>\n","protected":false},"excerpt":{"rendered":"<p>AS Brignoles Karat\u00e9 &#8211; Gymnase Jean Jaur\u00e8s Avenue Mar\u00e9chal Foch &#8211; 83170 Brignoles<\/p>\n","protected":false},"author":5,"featured_media":0,"parent":0,"menu_order":0,"comment_status":"closed","ping_status":"closed","template":"","meta":{"inspiro_hide_title":false,"footnotes":""},"class_list":["post-74","page","type-page","status-publish","hentry"],"_links":{"self":[{"href":"https:\/\/www.asbrignoleskarate.com\/index.php\/wp-json\/wp\/v2\/pages\/74","targetHints":{"allow":["GET"]}}],"collection":[{"href":"https:\/\/www.asbrignoleskarate.com\/index.php\/wp-json\/wp\/v2\/pages"}],"about":[{"href":"https:\/\/www.asbrignoleskarate.com\/index.php\/wp-json\/wp\/v2\/types\/page"}],"author":[{"embeddable":true,"href":"https:\/\/www.asbrignoleskarate.com\/index.php\/wp-json\/wp\/v2\/users\/5"}],"replies":[{"embeddable":true,"href":"https:\/\/www.asbrignoleskarate.com\/index.php\/wp-json\/wp\/v2\/comments?post=74"}],"version-history":[{"count":7,"href":"https:\/\/www.asbrignoleskarate.com\/index.php\/wp-json\/wp\/v2\/pages\/74\/revisions"}],"predecessor-version":[{"id":221,"href":"https:\/\/www.asbrignoleskarate.com\/index.php\/wp-json\/wp\/v2\/pages\/74\/revisions\/221"}],"wp:attachment":[{"href":"https:\/\/www.asbrignoleskarate.com\/index.php\/wp-json\/wp\/v2\/media?parent=74"}],"curies":[{"name":"wp","href":"https:\/\/api.w.org\/{rel}","templated":true}]}}