{"id":169,"date":"2022-05-20T17:07:43","date_gmt":"2022-05-20T15:07:43","guid":{"rendered":"http:\/\/www.asbrignoleskarate.com\/?page_id=169"},"modified":"2023-11-15T08:40:32","modified_gmt":"2023-11-15T07:40:32","slug":"partenaires","status":"publish","type":"page","link":"https:\/\/www.asbrignoleskarate.com\/index.php\/partenaires\/","title":{"rendered":"Partenaires"},"content":{"rendered":"\n<p>Nous remercions chaleuresuement nos partenaires sans qui nos athl\u00e8tes ne pourraient pas repr\u00e9senter le club et la ville dans les nombreuses comp\u00e9titions nationales et internationales auxquelles nous participons :<\/p>\n\n\n<p><center><\/p>\n<p><img decoding=\"async\" src=\"https:\/\/www.asbrignoleskarate.com\/wp-content\/uploads\/2023\/11\/sponsors.jpg\"\/><\/p>\n<\/p>","protected":false},"excerpt":{"rendered":"<p>Nous remercions chaleuresuement nos partenaires sans qui nos athl\u00e8tes ne pourraient pas repr\u00e9senter le club et la ville dans les nombreuses comp\u00e9titions nationales et internationales auxquelles nous participons :<\/p>\n","protected":false},"author":5,"featured_media":0,"parent":0,"menu_order":0,"comment_status":"closed","ping_status":"closed","template":"","meta":{"inspiro_hide_title":false,"footnotes":""},"class_list":["post-169","page","type-page","status-publish","hentry"],"_links":{"self":[{"href":"https:\/\/www.asbrignoleskarate.com\/index.php\/wp-json\/wp\/v2\/pages\/169","targetHints":{"allow":["GET"]}}],"collection":[{"href":"https:\/\/www.asbrignoleskarate.com\/index.php\/wp-json\/wp\/v2\/pages"}],"about":[{"href":"https:\/\/www.asbrignoleskarate.com\/index.php\/wp-json\/wp\/v2\/types\/page"}],"author":[{"embeddable":true,"href":"https:\/\/www.asbrignoleskarate.com\/index.php\/wp-json\/wp\/v2\/users\/5"}],"replies":[{"embeddable":true,"href":"https:\/\/www.asbrignoleskarate.com\/index.php\/wp-json\/wp\/v2\/comments?post=169"}],"version-history":[{"count":21,"href":"https:\/\/www.asbrignoleskarate.com\/index.php\/wp-json\/wp\/v2\/pages\/169\/revisions"}],"predecessor-version":[{"id":355,"href":"https:\/\/www.asbrignoleskarate.com\/index.php\/wp-json\/wp\/v2\/pages\/169\/revisions\/355"}],"wp:attachment":[{"href":"https:\/\/www.asbrignoleskarate.com\/index.php\/wp-json\/wp\/v2\/media?parent=169"}],"curies":[{"name":"wp","href":"https:\/\/api.w.org\/{rel}","templated":true}]}}